{"id":66,"date":"2026-03-23T11:23:06","date_gmt":"2026-03-23T10:23:06","guid":{"rendered":"https:\/\/www.collabro.no\/?page_id=66"},"modified":"2026-03-23T11:23:06","modified_gmt":"2026-03-23T10:23:06","slug":"var-samhandlingsplattform","status":"publish","type":"page","link":"https:\/\/www.collabro.no\/index.php\/var-samhandlingsplattform\/","title":{"rendered":"V\u00e5r samhandlingsplattform"},"content":{"rendered":"\n<p>Nextcloud Hub er basert p\u00e5 \u00e5pen kildekode for en online samarbeids- og kommunikasjonsl\u00f8sning tilpasset enhver bedrift eller organisasjon.<\/p>\n\n\n\n<p>Plattformen er utviklet i Europa og tilpasset norsk spr\u00e5k og de fleste spr\u00e5k i Europa. Lagring av data skjer p\u00e5 egen privat sky plattform, plassert hvor man f\u00f8ler det tryggest.<\/p>\n\n\n\n<p>Moderne organisasjoner m\u00e5 tilby verkt\u00f8y for samarbeid, b\u00e5de internt og eksternt. Nextcloud tilbyr en f\u00f8rsteklasses plattform for deling, kommunikasjon og organisering av arbeid. Dyp integrering i eksisterende infrastruktur muliggj\u00f8r rask distribusjon, og det tilgjengelige gransesnittet forenkler rask og bred innf\u00f8ring i organisasjonen.<\/p>\n\n\n\n<p><\/p>\n","protected":false},"excerpt":{"rendered":"<p>Nextcloud Hub er basert p\u00e5 \u00e5pen kildekode for en online samarbeids- og kommunikasjonsl\u00f8sning tilpasset enhver bedrift eller organisasjon. Plattformen er utviklet i Europa og tilpasset norsk spr\u00e5k og de fleste spr\u00e5k i Europa. Lagring av data skjer p\u00e5 egen privat sky plattform, plassert hvor man f\u00f8ler det tryggest. Moderne organisasjoner m\u00e5 tilby verkt\u00f8y for samarbeid, [&hellip;]<\/p>\n","protected":false},"author":1,"featured_media":0,"parent":0,"menu_order":0,"comment_status":"closed","ping_status":"closed","template":"","meta":{"footnotes":""},"class_list":["post-66","page","type-page","status-publish","hentry"],"_links":{"self":[{"href":"https:\/\/www.collabro.no\/index.php\/wp-json\/wp\/v2\/pages\/66","targetHints":{"allow":["GET"]}}],"collection":[{"href":"https:\/\/www.collabro.no\/index.php\/wp-json\/wp\/v2\/pages"}],"about":[{"href":"https:\/\/www.collabro.no\/index.php\/wp-json\/wp\/v2\/types\/page"}],"author":[{"embeddable":true,"href":"https:\/\/www.collabro.no\/index.php\/wp-json\/wp\/v2\/users\/1"}],"replies":[{"embeddable":true,"href":"https:\/\/www.collabro.no\/index.php\/wp-json\/wp\/v2\/comments?post=66"}],"version-history":[{"count":1,"href":"https:\/\/www.collabro.no\/index.php\/wp-json\/wp\/v2\/pages\/66\/revisions"}],"predecessor-version":[{"id":67,"href":"https:\/\/www.collabro.no\/index.php\/wp-json\/wp\/v2\/pages\/66\/revisions\/67"}],"wp:attachment":[{"href":"https:\/\/www.collabro.no\/index.php\/wp-json\/wp\/v2\/media?parent=66"}],"curies":[{"name":"wp","href":"https:\/\/api.w.org\/{rel}","templated":true}]}}