{"id":85,"date":"2026-03-23T13:45:54","date_gmt":"2026-03-23T12:45:54","guid":{"rendered":"https:\/\/www.collabro.no\/?page_id=85"},"modified":"2026-03-23T13:45:54","modified_gmt":"2026-03-23T12:45:54","slug":"nokkelfunksjoner","status":"publish","type":"page","link":"https:\/\/www.collabro.no\/index.php\/nokkelfunksjoner\/","title":{"rendered":"N\u00f8kkelfunksjoner"},"content":{"rendered":"\n<ul class=\"wp-block-list\">\n<li>Omfattende dokumentdeling b\u00e5de internt, p\u00e5 internett og mobile enheter<\/li>\n\n\n\n<li>Innebygd video m\u00f8ter for mobile enheter<\/li>\n\n\n\n<li>Redigering av delte dokumenter i sann tid, b\u00e5de p\u00e5 nett og mobil<\/li>\n\n\n\n<li>Kalender, epost, oppgaveh\u00e5ndtering og kontakter<\/li>\n\n\n\n<li>Muliggj\u00f8r aksess til lagringsenheter som FTP, Windows nettverk som Sharepoint<\/li>\n\n\n\n<li>Brukere administreres lokalt eller autentisering gjennom LDAP, AD ol.<\/li>\n\n\n\n<li>Sikrer data gjennom kraftfull filaksess kontroll, multi krypterings niv\u00e5er, maskinl\u00e6ring basert p\u00e5 autentiserings beskyttelse og avanserte gjenopprettingsmuligheter for ransomware<\/li>\n\n\n\n<li>Muligj\u00f8r brukere til \u00e5 automatisere gjentatte oppgaver og optimalisering av forretningsprosesser og dokumentflyt<\/li>\n\n\n\n<li>Mulig \u00e5 integrere andre applikasjoner p\u00e5 Nextcloud app butikk eller bygge egne integrasjoner mot eksisterende fagapplikasjoner. \u00c5pen kildekode gj\u00f8r dette mulig.<\/li>\n<\/ul>\n","protected":false},"excerpt":{"rendered":"","protected":false},"author":1,"featured_media":0,"parent":0,"menu_order":0,"comment_status":"closed","ping_status":"closed","template":"","meta":{"footnotes":""},"class_list":["post-85","page","type-page","status-publish","hentry"],"_links":{"self":[{"href":"https:\/\/www.collabro.no\/index.php\/wp-json\/wp\/v2\/pages\/85","targetHints":{"allow":["GET"]}}],"collection":[{"href":"https:\/\/www.collabro.no\/index.php\/wp-json\/wp\/v2\/pages"}],"about":[{"href":"https:\/\/www.collabro.no\/index.php\/wp-json\/wp\/v2\/types\/page"}],"author":[{"embeddable":true,"href":"https:\/\/www.collabro.no\/index.php\/wp-json\/wp\/v2\/users\/1"}],"replies":[{"embeddable":true,"href":"https:\/\/www.collabro.no\/index.php\/wp-json\/wp\/v2\/comments?post=85"}],"version-history":[{"count":1,"href":"https:\/\/www.collabro.no\/index.php\/wp-json\/wp\/v2\/pages\/85\/revisions"}],"predecessor-version":[{"id":86,"href":"https:\/\/www.collabro.no\/index.php\/wp-json\/wp\/v2\/pages\/85\/revisions\/86"}],"wp:attachment":[{"href":"https:\/\/www.collabro.no\/index.php\/wp-json\/wp\/v2\/media?parent=85"}],"curies":[{"name":"wp","href":"https:\/\/api.w.org\/{rel}","templated":true}]}}